{"id":925,"date":"2022-04-04T11:59:53","date_gmt":"2022-04-04T09:59:53","guid":{"rendered":"https:\/\/sam.snsb.de\/kontakt\/"},"modified":"2022-08-24T14:11:29","modified_gmt":"2022-08-24T12:11:29","slug":"kontakt","status":"publish","type":"page","link":"https:\/\/sam.snsb.de\/en\/ueber-uns\/kontakt\/","title":{"rendered":"Address &amp; Contact"},"content":{"rendered":"\n<h3 class=\"wp-block-heading\">Address citycenter<\/h3>\n\n\n\n<p>State Collection for Anthropology Munich<br>Karolinenplatz 2a<br>D-80333 M\u00fcnchen<\/p>\n\n\n\n<h3 class=\"wp-block-heading\">Secretary&#8217;s Office<\/h3>\n\n\n\n<p>Tel: +49 89 5488438 0<br>Email: <a href=\"mailto:sapm@snsb.de\">sam@snsb.de<\/a><\/p>\n\n\n\n<h3 class=\"wp-block-heading\">Address Depot Dornach<\/h3>\n\n\n\n<p>Staatssammlung f\u00fcr Anthropologie M\u00fcnchen<br>Margaretha-Ley-Ring 1-3<br>85609 Aschheim\/Dornach<br>2nd. floor<br>Tel: +49 89&nbsp;2032428 31<\/p>\n\n\n\n<p>Email: <a href=\"mailto:sam-magazin@snsb.de\">sam-magazin@snsb.de<\/a><\/p>\n\n\n\n<p><strong>Public transportation:<\/strong><br>S-Bahn:\u00a0S2 to Riem stop, then about 10 minutes walk on Karl-Hammerschmidt-Str. to Margaretha-Ley-Ring (1st building on the left).<\/p>\n\n\n\n<p>Subway and bus: U2 to Messestadt West, then take bus 263 in the direction of Heimstetten-Nord to the Karl-Hammerschmidt-Str. stop; approx. 10 minute ride (stop is directly in front of the SAM building).<\/p>\n\n\n\n<p><strong>Driving by car:<\/strong><br>Freeway A94 to junction Riem, take the road &#8220;An der Point&#8221; towards Aschheim until the first traffic circle, there take the 3rd exit into Otto-Hahn-Str., this meets Margaretha Ley Ring after approx. 150m. In the first building on the left.<\/p>\n\n\n\n<figure class=\"wp-block-gallery has-nested-images columns-default is-cropped wp-block-gallery-1 is-layout-flex wp-block-gallery-is-layout-flex\">\n<figure class=\"wp-block-image size-large\"><img loading=\"lazy\" decoding=\"async\" width=\"800\" height=\"534\" data-id=\"685\" src=\"https:\/\/sam.snsb.de\/wp-content\/uploads\/sites\/9\/2022\/05\/41f1f62e.jpg\" alt=\"\" class=\"wp-image-685\" srcset=\"https:\/\/sam.snsb.de\/wp-content\/uploads\/sites\/9\/2022\/05\/41f1f62e.jpg 800w, https:\/\/sam.snsb.de\/wp-content\/uploads\/sites\/9\/2022\/05\/41f1f62e-300x200.jpg 300w, https:\/\/sam.snsb.de\/wp-content\/uploads\/sites\/9\/2022\/05\/41f1f62e-768x513.jpg 768w, https:\/\/sam.snsb.de\/wp-content\/uploads\/sites\/9\/2022\/05\/41f1f62e-150x100.jpg 150w, https:\/\/sam.snsb.de\/wp-content\/uploads\/sites\/9\/2022\/05\/41f1f62e-600x400.jpg 600w\" sizes=\"auto, (max-width: 800px) 100vw, 800px\" \/><\/figure>\n\n\n\n<figure class=\"wp-block-image size-large\"><img loading=\"lazy\" decoding=\"async\" width=\"800\" height=\"534\" data-id=\"687\" src=\"https:\/\/sam.snsb.de\/wp-content\/uploads\/sites\/9\/2022\/05\/203f5068.jpg\" alt=\"\" class=\"wp-image-687\" srcset=\"https:\/\/sam.snsb.de\/wp-content\/uploads\/sites\/9\/2022\/05\/203f5068.jpg 800w, https:\/\/sam.snsb.de\/wp-content\/uploads\/sites\/9\/2022\/05\/203f5068-300x200.jpg 300w, https:\/\/sam.snsb.de\/wp-content\/uploads\/sites\/9\/2022\/05\/203f5068-768x513.jpg 768w, https:\/\/sam.snsb.de\/wp-content\/uploads\/sites\/9\/2022\/05\/203f5068-150x100.jpg 150w, https:\/\/sam.snsb.de\/wp-content\/uploads\/sites\/9\/2022\/05\/203f5068-600x400.jpg 600w\" sizes=\"auto, (max-width: 800px) 100vw, 800px\" \/><\/figure>\n\n\n\n<figure class=\"wp-block-image size-large\"><img loading=\"lazy\" decoding=\"async\" width=\"800\" height=\"534\" data-id=\"667\" src=\"https:\/\/sam.snsb.de\/wp-content\/uploads\/sites\/9\/2022\/05\/deb5abe1.jpg\" alt=\"\" class=\"wp-image-667\" srcset=\"https:\/\/sam.snsb.de\/wp-content\/uploads\/sites\/9\/2022\/05\/deb5abe1.jpg 800w, https:\/\/sam.snsb.de\/wp-content\/uploads\/sites\/9\/2022\/05\/deb5abe1-300x200.jpg 300w, https:\/\/sam.snsb.de\/wp-content\/uploads\/sites\/9\/2022\/05\/deb5abe1-768x513.jpg 768w, https:\/\/sam.snsb.de\/wp-content\/uploads\/sites\/9\/2022\/05\/deb5abe1-150x100.jpg 150w, https:\/\/sam.snsb.de\/wp-content\/uploads\/sites\/9\/2022\/05\/deb5abe1-600x400.jpg 600w\" sizes=\"auto, (max-width: 800px) 100vw, 800px\" \/><\/figure>\n<\/figure>\n","protected":false},"excerpt":{"rendered":"<p>Address citycenter State Collection for Anthropology MunichKarolinenplatz 2aD-80333 M\u00fcnchen Secretary&#8217;s Office Tel: +49 89 5488438 0Email: sam@snsb.de Address Depot Dornach Staatssammlung f\u00fcr Anthropologie M\u00fcnchenMargaretha-Ley-Ring 1-385609 Aschheim\/Dornach2nd. floorTel: +49 89&nbsp;2032428 31 Email: sam-magazin@snsb.de Public transportation:S-Bahn:\u00a0S2 to Riem stop, then about 10 minutes walk on Karl-Hammerschmidt-Str. to Margaretha-Ley-Ring (1st building on the left). Subway and bus: U2 [&hellip;]<\/p>\n","protected":false},"author":4,"featured_media":700,"parent":961,"menu_order":0,"comment_status":"closed","ping_status":"closed","template":"","meta":{"_acf_changed":false,"footnotes":""},"class_list":["post-925","page","type-page","status-publish","has-post-thumbnail","hentry"],"acf":[],"_links":{"self":[{"href":"https:\/\/sam.snsb.de\/en\/wp-json\/wp\/v2\/pages\/925","targetHints":{"allow":["GET"]}}],"collection":[{"href":"https:\/\/sam.snsb.de\/en\/wp-json\/wp\/v2\/pages"}],"about":[{"href":"https:\/\/sam.snsb.de\/en\/wp-json\/wp\/v2\/types\/page"}],"author":[{"embeddable":true,"href":"https:\/\/sam.snsb.de\/en\/wp-json\/wp\/v2\/users\/4"}],"replies":[{"embeddable":true,"href":"https:\/\/sam.snsb.de\/en\/wp-json\/wp\/v2\/comments?post=925"}],"version-history":[{"count":15,"href":"https:\/\/sam.snsb.de\/en\/wp-json\/wp\/v2\/pages\/925\/revisions"}],"predecessor-version":[{"id":1354,"href":"https:\/\/sam.snsb.de\/en\/wp-json\/wp\/v2\/pages\/925\/revisions\/1354"}],"up":[{"embeddable":true,"href":"https:\/\/sam.snsb.de\/en\/wp-json\/wp\/v2\/pages\/961"}],"wp:featuredmedia":[{"embeddable":true,"href":"https:\/\/sam.snsb.de\/en\/wp-json\/wp\/v2\/media\/700"}],"wp:attachment":[{"href":"https:\/\/sam.snsb.de\/en\/wp-json\/wp\/v2\/media?parent=925"}],"curies":[{"name":"wp","href":"https:\/\/api.w.org\/{rel}","templated":true}]}}